{"id":80,"date":"2022-06-16T16:08:29","date_gmt":"2022-06-16T16:08:29","guid":{"rendered":"https:\/\/kanku-sho-karate.com\/?page_id=80"},"modified":"2022-06-16T16:08:29","modified_gmt":"2022-06-16T16:08:29","slug":"karate-ursprung-und-philosophie","status":"publish","type":"page","link":"https:\/\/kanku-sho-karate.com\/?page_id=80","title":{"rendered":"KARATE \u2013 Ursprung und Philosophie"},"content":{"rendered":"\n<h1 class=\"wp-block-heading\">KARATE \u2013 Ursprung und Philosophie<\/h1>\n\n\n\n<h3 class=\"wp-block-heading\"><strong>Karate ist ein Kampfsport, dessen Urspr\u00fcnge bis etwa 500 Jahre n.Chr. zur\u00fcckreichen. Chinesische M\u00f6nche, die keine Waffen tragen durften, entwickelten aus gymnastischen \u00dcbungen im Lauf der Zeit eine spezielle Kampfkunst zur Selbstverteidigung. Diese Kampfkunst galt auch als Weg der Selbstfindung und Selbsterfahrung. Als Sport ist Karate relativ jung: Erst Anfang dieses Jahrhunderts entstand in Japan aus der traditionellen Kampfkunst ein Kampfsport mit eigenem&nbsp;Regelwerk.<\/strong><strong><\/strong><\/h3>\n\n\n\n<p>Auch heute noch spiegelt sich im Karate-Do die fern\u00f6stliche Philosophie wider. \u00dcbersetzt bedeutet \u201eKarate-Do\u201c soviel wie \u201eder Weg der leeren Hand\u201c. Im w\u00f6rtlichen Sinn hei\u00dft das: der&nbsp;Karateka&nbsp;(Karatek\u00e4mpfer) ist waffenlos, seine Hand ist leer. Das \u201eKara\u201c (leer) ist aber auch ein ethischer Anspruch. Danach soll der&nbsp;Karateka&nbsp;sein Inneres von negativen Gedanken und Gef\u00fchlen befreien, um bei allem, was ihm begegnet, angemessen handeln zu&nbsp;k\u00f6nnen.<\/p>\n\n\n\n<p>Im Training und im Wettkampf wird dieser hohe ethische Anspruch konkret: Nicht Sieg oder Niederlage sind das eigentliche Ziel, sondern die Entwicklung und Entfaltung der eigenen Pers\u00f6nlichkeit durch Selbstbeherrschung und \u00e4u\u00dferste Konzentration. Die Achtung des Gegners steht an oberster&nbsp;Stelle.<\/p>\n","protected":false},"excerpt":{"rendered":"<p>KARATE \u2013 Ursprung und Philosophie Karate ist ein Kampfsport, dessen Urspr\u00fcnge bis etwa 500 Jahre n.Chr. zur\u00fcckreichen. Chinesische M\u00f6nche, die keine Waffen tragen durften, entwickelten aus gymnastischen \u00dcbungen im Lauf der Zeit eine spezielle&#46;&#46;&#46;<\/p>\n","protected":false},"author":1,"featured_media":0,"parent":0,"menu_order":0,"comment_status":"closed","ping_status":"closed","template":"","meta":{"footnotes":""},"class_list":["post-80","page","type-page","status-publish","hentry"],"_links":{"self":[{"href":"https:\/\/kanku-sho-karate.com\/index.php?rest_route=\/wp\/v2\/pages\/80","targetHints":{"allow":["GET"]}}],"collection":[{"href":"https:\/\/kanku-sho-karate.com\/index.php?rest_route=\/wp\/v2\/pages"}],"about":[{"href":"https:\/\/kanku-sho-karate.com\/index.php?rest_route=\/wp\/v2\/types\/page"}],"author":[{"embeddable":true,"href":"https:\/\/kanku-sho-karate.com\/index.php?rest_route=\/wp\/v2\/users\/1"}],"replies":[{"embeddable":true,"href":"https:\/\/kanku-sho-karate.com\/index.php?rest_route=%2Fwp%2Fv2%2Fcomments&post=80"}],"version-history":[{"count":1,"href":"https:\/\/kanku-sho-karate.com\/index.php?rest_route=\/wp\/v2\/pages\/80\/revisions"}],"predecessor-version":[{"id":81,"href":"https:\/\/kanku-sho-karate.com\/index.php?rest_route=\/wp\/v2\/pages\/80\/revisions\/81"}],"wp:attachment":[{"href":"https:\/\/kanku-sho-karate.com\/index.php?rest_route=%2Fwp%2Fv2%2Fmedia&parent=80"}],"curies":[{"name":"wp","href":"https:\/\/api.w.org\/{rel}","templated":true}]}}