{"id":74,"date":"2022-06-16T16:08:29","date_gmt":"2022-06-16T16:08:29","guid":{"rendered":"https:\/\/kanku-sho-karate.com\/?page_id=74"},"modified":"2022-06-16T16:08:29","modified_gmt":"2022-06-16T16:08:29","slug":"karate-shotokan-ryu","status":"publish","type":"page","link":"https:\/\/kanku-sho-karate.com\/?page_id=74","title":{"rendered":"KARATE \u2013 Shotokan-ryu"},"content":{"rendered":"\n<p>KARATE \u2013 Shotokan-ryu<\/p>\n\n\n\n<p>Shotokan war die Bezeichnung f\u00fcr Meister Funakoshis Karate-Dojo. \u201eShoto\u201c nannte man Funakoshis Karate-Stil und \u201eKan\u201c bedeutet \u201eHaus\u201c oder \u201eTempel\u201c. Meister Funakoshis Shotokan ist nicht identisch mit dem sp\u00e4ter von Meister Nakayama errichteten Shotokan, in dem die JKA gegr\u00fcndet wurde. Nachdem Meister Nakayama aus China zur\u00fcckgekehrt war, gr\u00fcndete er ebenfalls ein Shotokan-Zentrum f\u00fcr die Verbreitung des Weekampf-Karate. Die Bezeichnung Shotokan \u00fcbernahm er von der T\u00fcrinschrift der ehemaligen Schule von Meister Funakoshi.<strong><\/strong><\/p>\n","protected":false},"excerpt":{"rendered":"<p>KARATE \u2013 Shotokan-ryu Shotokan war die Bezeichnung f\u00fcr Meister Funakoshis Karate-Dojo. \u201eShoto\u201c nannte man Funakoshis Karate-Stil und \u201eKan\u201c bedeutet \u201eHaus\u201c oder \u201eTempel\u201c. Meister Funakoshis Shotokan ist nicht identisch mit dem sp\u00e4ter von Meister Nakayama&#46;&#46;&#46;<\/p>\n","protected":false},"author":1,"featured_media":0,"parent":0,"menu_order":0,"comment_status":"closed","ping_status":"closed","template":"","meta":{"footnotes":""},"class_list":["post-74","page","type-page","status-publish","hentry"],"_links":{"self":[{"href":"https:\/\/kanku-sho-karate.com\/index.php?rest_route=\/wp\/v2\/pages\/74","targetHints":{"allow":["GET"]}}],"collection":[{"href":"https:\/\/kanku-sho-karate.com\/index.php?rest_route=\/wp\/v2\/pages"}],"about":[{"href":"https:\/\/kanku-sho-karate.com\/index.php?rest_route=\/wp\/v2\/types\/page"}],"author":[{"embeddable":true,"href":"https:\/\/kanku-sho-karate.com\/index.php?rest_route=\/wp\/v2\/users\/1"}],"replies":[{"embeddable":true,"href":"https:\/\/kanku-sho-karate.com\/index.php?rest_route=%2Fwp%2Fv2%2Fcomments&post=74"}],"version-history":[{"count":1,"href":"https:\/\/kanku-sho-karate.com\/index.php?rest_route=\/wp\/v2\/pages\/74\/revisions"}],"predecessor-version":[{"id":75,"href":"https:\/\/kanku-sho-karate.com\/index.php?rest_route=\/wp\/v2\/pages\/74\/revisions\/75"}],"wp:attachment":[{"href":"https:\/\/kanku-sho-karate.com\/index.php?rest_route=%2Fwp%2Fv2%2Fmedia&parent=74"}],"curies":[{"name":"wp","href":"https:\/\/api.w.org\/{rel}","templated":true}]}}