{"id":72,"date":"2022-06-16T16:08:30","date_gmt":"2022-06-16T16:08:30","guid":{"rendered":"https:\/\/kanku-sho-karate.com\/?page_id=72"},"modified":"2022-06-16T16:08:30","modified_gmt":"2022-06-16T16:08:30","slug":"karate-eine-moderne-und-wirksame-selbstverteidigung","status":"publish","type":"page","link":"https:\/\/kanku-sho-karate.com\/?page_id=72","title":{"rendered":"KARATE \u2013 eine moderne und wirksame Selbstverteidigung"},"content":{"rendered":"\n<p>KARATE \u2013 eine moderne und wirksame Selbstverteidigung<\/p>\n\n\n\n<p>Viele&nbsp;Karateka&nbsp;\u00fcben ihren Sport aus, um sich im Notfall selbst verteidigen zu k\u00f6nnen. Und tats\u00e4chlich ist Karate eine wirksame und praktikable Verteidigungsart. Kraft und k\u00f6rperliche Statur spielen in der Karate-Selbstverteidigung nur eine untergeordnete Rolle. Wichtiger sind Schnelligkeit, Geschicklichkeit und Gelassenheit. Nur wer bei einem Angriff nicht in Panik ger\u00e4t, kann sich sinnvoll verteidigen. Deshalb vermitteln spezielle Lehrg\u00e4nge neben technischen Fertigkeiten auch die psychologischen Komponenten der Selbstbehauptung und&nbsp;Selbstverteidigung.<strong><\/strong><\/p>\n\n\n\n<p>Diese Aspekte machen Karate-Selbstverteidigung insbesondere f\u00fcr Frauen und M\u00e4dchen&nbsp;interessant.<\/p>\n\n\n\n<p>Quelle: karate.de<\/p>\n","protected":false},"excerpt":{"rendered":"<p>KARATE \u2013 eine moderne und wirksame Selbstverteidigung Viele&nbsp;Karateka&nbsp;\u00fcben ihren Sport aus, um sich im Notfall selbst verteidigen zu k\u00f6nnen. Und tats\u00e4chlich ist Karate eine wirksame und praktikable Verteidigungsart. Kraft und k\u00f6rperliche Statur spielen in&#46;&#46;&#46;<\/p>\n","protected":false},"author":1,"featured_media":0,"parent":0,"menu_order":0,"comment_status":"closed","ping_status":"closed","template":"","meta":{"footnotes":""},"class_list":["post-72","page","type-page","status-publish","hentry"],"_links":{"self":[{"href":"https:\/\/kanku-sho-karate.com\/index.php?rest_route=\/wp\/v2\/pages\/72","targetHints":{"allow":["GET"]}}],"collection":[{"href":"https:\/\/kanku-sho-karate.com\/index.php?rest_route=\/wp\/v2\/pages"}],"about":[{"href":"https:\/\/kanku-sho-karate.com\/index.php?rest_route=\/wp\/v2\/types\/page"}],"author":[{"embeddable":true,"href":"https:\/\/kanku-sho-karate.com\/index.php?rest_route=\/wp\/v2\/users\/1"}],"replies":[{"embeddable":true,"href":"https:\/\/kanku-sho-karate.com\/index.php?rest_route=%2Fwp%2Fv2%2Fcomments&post=72"}],"version-history":[{"count":1,"href":"https:\/\/kanku-sho-karate.com\/index.php?rest_route=\/wp\/v2\/pages\/72\/revisions"}],"predecessor-version":[{"id":73,"href":"https:\/\/kanku-sho-karate.com\/index.php?rest_route=\/wp\/v2\/pages\/72\/revisions\/73"}],"wp:attachment":[{"href":"https:\/\/kanku-sho-karate.com\/index.php?rest_route=%2Fwp%2Fv2%2Fmedia&parent=72"}],"curies":[{"name":"wp","href":"https:\/\/api.w.org\/{rel}","templated":true}]}}