{"id":67,"date":"2022-06-16T16:08:30","date_gmt":"2022-06-16T16:08:30","guid":{"rendered":"https:\/\/kanku-sho-karate.com\/?page_id=67"},"modified":"2022-06-16T16:08:30","modified_gmt":"2022-06-16T16:08:30","slug":"karate-fuer-kinder","status":"publish","type":"page","link":"https:\/\/kanku-sho-karate.com\/?page_id=67","title":{"rendered":"Karate f\u00fcr Kinder"},"content":{"rendered":"\n<p><\/p>\n\n\n\n<p>Wieso ist gerade KARATE gut f\u00fcr mein Kind?<\/p>\n\n\n\n<figure class=\"wp-block-image size-full is-resized\"><img loading=\"lazy\" decoding=\"async\" src=\"https:\/\/kanku-sho-karate.com\/wp-content\/uploads\/2022\/06\/k-DSC_9035.jpg\" alt=\"\" class=\"wp-image-68\" width=\"302\" height=\"202\" srcset=\"https:\/\/kanku-sho-karate.com\/wp-content\/uploads\/2022\/06\/k-DSC_9035.jpg 1024w, https:\/\/kanku-sho-karate.com\/wp-content\/uploads\/2022\/06\/k-DSC_9035-300x200.jpg 300w, https:\/\/kanku-sho-karate.com\/wp-content\/uploads\/2022\/06\/k-DSC_9035-768x512.jpg 768w\" sizes=\"auto, (max-width: 302px) 100vw, 302px\" \/><figcaption>Anf\u00e4ngerkarate<\/figcaption><\/figure>\n\n\n\n<p>\u2026weil es folgende Bereiche f\u00f6rdert und verbesser:<\/p>\n\n\n\n<ul class=\"wp-block-list\"><li>Reaktionsverm\u00f6gen wird gesteigert<\/li><li>Konzentrationsf\u00e4higkeit wird verbessert<\/li><li>Selbstdiziplin wird geschult<\/li><li>Kr\u00e4ftigung des K\u00f6rpers<\/li><li>Beweglichkeit und Gleichgewichtssinnwird trainiert<\/li><li>Orientierungssinn wird geschult<\/li><\/ul>\n\n\n\n<p>\u201eNeue Erfahrungen formen das denken.\u201c<\/p>\n\n\n\n<p>Im Training wird die Karate Shotokan Grundschule (Kihon) sowie der Bewegungsablauf (Kata) und der Kampf (bei Kindern in entsprechend abgeschw\u00e4chter Form) (Kumite) ge\u00fcbt. Dabei werden nicht nur traditionelle Karatetechniken sondern auch konditionelle -, kr\u00e4ftigende -, ausdauernde -, bewegliche \u2013 und Schnelligkeitsf\u00e4higkeinten trainiert.<\/p>\n\n\n\n<p>Im traditionellen Karate wird ein risiges Spektrum an \u00dcbungsformen, welche alle Bereiche des K\u00f6rpers und Geistes fordern umgesetzt.<\/p>\n\n\n\n<p>Diese \u00dcbungen werden \u00fcberwiegend in Geschicklichkeits- und Fitness\u00fcbungen trainiert, wobei bei allen \u00dcbungen auf H\u00f6flichkeit und entsprechende Umgangsformen untereinander sehr viel Wert gelegt wird.<\/p>\n\n\n\n<p>Sehr wichtig in unserem Training ist u.a. die Entwicklung von sozialen Kompetenzen&nbsp;und die F\u00f6rderung von Flexibilit\u00e4t, Konzentration und Koordinationsverm\u00f6gen.<\/p>\n\n\n\n<p>Karate Training ist grunds\u00e4tzlich eine Einzelsportart, welche sich im Team aber auch als Einzelperson trainieren l\u00e4sst. Somit ist es auch f\u00fcr Kinder, Jugentliche und Erwachsene welche schw\u00e4cher oder im Training nicht sow weit fortgeschritten sind kein Problem am Training teilzunehmen.<br>Daher ist Karate Training gut f\u00fcr schw\u00e4chere geeignet, welchso somit ihre eigenen Fortschritte entsprechend ihres Alters und ihrer F\u00e4higkeiten beobachten und erleben k\u00f6nnen.<br>Eine Ausgrenzung aufgrund schw\u00e4cherer Leistungen und Fortschritte gibt es bei uns nicht!<\/p>\n\n\n\n<p>Aus unserer Erfahrung sollten Kinder immer so fr\u00fch wie m\u00f6glich an eine Sportart heran gef\u00fchrt werden.<br>Unser j\u00fcngstes Mitglied ist aktuell 5 Jahre und dies ist auch ein gutes Alter zum ersten Einstieg in diesen Sport.<br>Nat\u00fcrlich sind bei den Kleinsten noch keine herausragenden Erfolge zu erwarten, doch haben diese Kinder sp\u00e4ter das beste Potential erfolgreich zu sein.<\/p>\n","protected":false},"excerpt":{"rendered":"<p>Wieso ist gerade KARATE gut f\u00fcr mein Kind? \u2026weil es folgende Bereiche f\u00f6rdert und verbesser: Reaktionsverm\u00f6gen wird gesteigert Konzentrationsf\u00e4higkeit wird verbessert Selbstdiziplin wird geschult Kr\u00e4ftigung des K\u00f6rpers Beweglichkeit und Gleichgewichtssinnwird trainiert Orientierungssinn wird geschult&#46;&#46;&#46;<\/p>\n","protected":false},"author":1,"featured_media":0,"parent":0,"menu_order":0,"comment_status":"closed","ping_status":"closed","template":"","meta":{"footnotes":""},"class_list":["post-67","page","type-page","status-publish","hentry"],"_links":{"self":[{"href":"https:\/\/kanku-sho-karate.com\/index.php?rest_route=\/wp\/v2\/pages\/67","targetHints":{"allow":["GET"]}}],"collection":[{"href":"https:\/\/kanku-sho-karate.com\/index.php?rest_route=\/wp\/v2\/pages"}],"about":[{"href":"https:\/\/kanku-sho-karate.com\/index.php?rest_route=\/wp\/v2\/types\/page"}],"author":[{"embeddable":true,"href":"https:\/\/kanku-sho-karate.com\/index.php?rest_route=\/wp\/v2\/users\/1"}],"replies":[{"embeddable":true,"href":"https:\/\/kanku-sho-karate.com\/index.php?rest_route=%2Fwp%2Fv2%2Fcomments&post=67"}],"version-history":[{"count":1,"href":"https:\/\/kanku-sho-karate.com\/index.php?rest_route=\/wp\/v2\/pages\/67\/revisions"}],"predecessor-version":[{"id":69,"href":"https:\/\/kanku-sho-karate.com\/index.php?rest_route=\/wp\/v2\/pages\/67\/revisions\/69"}],"wp:attachment":[{"href":"https:\/\/kanku-sho-karate.com\/index.php?rest_route=%2Fwp%2Fv2%2Fmedia&parent=67"}],"curies":[{"name":"wp","href":"https:\/\/api.w.org\/{rel}","templated":true}]}}