{"id":193,"date":"2022-07-09T15:17:43","date_gmt":"2022-07-09T15:17:43","guid":{"rendered":"https:\/\/kanku-sho-karate.com\/?page_id=193"},"modified":"2022-07-09T15:17:45","modified_gmt":"2022-07-09T15:17:45","slug":"preise","status":"publish","type":"page","link":"https:\/\/kanku-sho-karate.com\/?page_id=193","title":{"rendered":"Preise"},"content":{"rendered":"\n<figure class=\"wp-block-table\"><table><thead><tr><th><strong>Mitgliedsbeitr\u00e4ge Monatlich<\/strong><\/th><th><\/th><\/tr><\/thead><tbody><tr><td>Kinder und Jugendliche bis 15 Jahren<\/td><td>15 Euro<\/td><\/tr><tr><td>Jugendliche ab 16 Jahren, sowie Erwachsene<\/td><td>20 Euro<\/td><\/tr><tr><td>Familienbeitrag min. 2 Erwachsene und 1 Kind<\/td><td>35 Euro<\/td><\/tr><\/tbody><\/table><\/figure>\n\n\n\n<p>Bitte beachten Sie, dass weitere Kosten durch das Anmelden beim DKV, der Karateausweis und die Jahresmarke hinzukommen. Pr\u00fcfungsgeb\u00fchren fallen an bei ablegen einer Pr\u00fcfung zum n\u00e4chsten G\u00fcrtel, sowie die Kosten f\u00fcr den G\u00fcrtel. <\/p>\n","protected":false},"excerpt":{"rendered":"<p>Mitgliedsbeitr\u00e4ge Monatlich Kinder und Jugendliche bis 15 Jahren 15 Euro Jugendliche ab 16 Jahren, sowie Erwachsene 20 Euro Familienbeitrag min. 2 Erwachsene und 1 Kind 35 Euro Bitte beachten Sie, dass weitere Kosten durch&#46;&#46;&#46;<\/p>\n","protected":false},"author":1,"featured_media":0,"parent":0,"menu_order":0,"comment_status":"closed","ping_status":"closed","template":"","meta":{"footnotes":""},"class_list":["post-193","page","type-page","status-publish","hentry"],"_links":{"self":[{"href":"https:\/\/kanku-sho-karate.com\/index.php?rest_route=\/wp\/v2\/pages\/193","targetHints":{"allow":["GET"]}}],"collection":[{"href":"https:\/\/kanku-sho-karate.com\/index.php?rest_route=\/wp\/v2\/pages"}],"about":[{"href":"https:\/\/kanku-sho-karate.com\/index.php?rest_route=\/wp\/v2\/types\/page"}],"author":[{"embeddable":true,"href":"https:\/\/kanku-sho-karate.com\/index.php?rest_route=\/wp\/v2\/users\/1"}],"replies":[{"embeddable":true,"href":"https:\/\/kanku-sho-karate.com\/index.php?rest_route=%2Fwp%2Fv2%2Fcomments&post=193"}],"version-history":[{"count":1,"href":"https:\/\/kanku-sho-karate.com\/index.php?rest_route=\/wp\/v2\/pages\/193\/revisions"}],"predecessor-version":[{"id":194,"href":"https:\/\/kanku-sho-karate.com\/index.php?rest_route=\/wp\/v2\/pages\/193\/revisions\/194"}],"wp:attachment":[{"href":"https:\/\/kanku-sho-karate.com\/index.php?rest_route=%2Fwp%2Fv2%2Fmedia&parent=193"}],"curies":[{"name":"wp","href":"https:\/\/api.w.org\/{rel}","templated":true}]}}