{"id":190,"date":"2022-07-09T15:10:05","date_gmt":"2022-07-09T15:10:05","guid":{"rendered":"https:\/\/kanku-sho-karate.com\/?page_id=190"},"modified":"2023-07-17T16:16:21","modified_gmt":"2023-07-17T16:16:21","slug":"trainingszeiten-und-trainingsorte","status":"publish","type":"page","link":"https:\/\/kanku-sho-karate.com\/?page_id=190","title":{"rendered":"Trainingszeiten und Trainingsorte"},"content":{"rendered":"\n<figure class=\"wp-block-table is-style-stripes\"><table class=\"has-black-color has-text-color\"><thead><tr><th>Wer?<\/th><th>Wann?<\/th><th>Wo?<\/th><\/tr><\/thead><tbody><tr><td>Erwachsende und Fortgeschrittene<\/td><td>Montag 19:30 Uhr bis 20:30 Uhr<\/td><td>Rote Warte Schule<br>Birkenwaldstra\u00dfe 39a in 63165 M\u00fchlheim am Main<\/td><\/tr><tr><td>Anf\u00e4ngerkurs f\u00fcr Kinder<\/td><td>Mittwoch 16:00 Uhr bis 17:00 Uhr<\/td><td>Sporthalle Dietesheim<br>Dieselstr. 90 in 63165 M\u00fchlheim am Main<\/td><\/tr><tr><td>Grundschule f\u00fcr den Anf\u00e4ngerkurs Kinder<\/td><td>Donnerstag 17:00 Uhr bis 17:45 Uhr<\/td><td>Rote Warte Schule<br>Birkenwaldstra\u00dfe 39a in 63165 M\u00fchlheim am Main<\/td><\/tr><tr><td>Grundschule f\u00fcr den Fortgeschrittenenkurs Kinder<\/td><td>Donnerstag 17:45 Uhr bis 18:30 Uhr<\/td><td>Rote Warte Schule<br>Birkenwaldstra\u00dfe 39a in 63165 M\u00fchlheim am Main<\/td><\/tr><tr><td>Erwachsene und Fortgeschrittene <\/td><td>Donnerstag 18:30 Uhr bis 20:00 Uhr<\/td><td>Rote Warte Schule<br>Birkenwaldstra\u00dfe 39a in 63165 M\u00fchlheim am Main<\/td><\/tr><tr><td>Grundschule f\u00fcr den Fortgeschrittenenkurs Kinder<\/td><td>Freitag  18:00 Uhr bis 18:45 Uhr<\/td><td>Rote Warte Schule<br>Birkenwaldstra\u00dfe 39a in 63165 M\u00fchlheim am Main<\/td><\/tr><tr><td>Erwachsene und Fortgeschrittene<\/td><td>Freitag 18:45 Uhr bis 20:00 Uhr<\/td><td>Rote Warte Schule<br>Birkenwaldstra\u00dfe 39a in 63165 M\u00fchlheim am Main<\/td><\/tr><\/tbody><\/table><\/figure>\n\n\n\n<p><\/p>\n\n\n\n<p>Bei Interesse an einem Probetraining f\u00fcr Sie oder ihr Kind ( ab einem Alter von 6 Jahren) einfach eine Email an: redaktion@kanku-sho-karate.de senden und wir melden uns bei Ihnen.<\/p>\n\n\n\n<p>Je nach Kind und Einsch\u00e4tzung des Sensei, ist es auch m\u00f6glich, dass ihr Kind unter 6 Jahre am Training teilnehmen kann. <\/p>\n","protected":false},"excerpt":{"rendered":"<p>Wer? Wann? Wo? Erwachsende und Fortgeschrittene Montag 19:30 Uhr bis 20:30 Uhr Rote Warte SchuleBirkenwaldstra\u00dfe 39a in 63165 M\u00fchlheim am Main Anf\u00e4ngerkurs f\u00fcr Kinder Mittwoch 16:00 Uhr bis 17:00 Uhr Sporthalle DietesheimDieselstr. 90 in&#46;&#46;&#46;<\/p>\n","protected":false},"author":1,"featured_media":0,"parent":0,"menu_order":0,"comment_status":"closed","ping_status":"closed","template":"","meta":{"footnotes":""},"class_list":["post-190","page","type-page","status-publish","hentry"],"_links":{"self":[{"href":"https:\/\/kanku-sho-karate.com\/index.php?rest_route=\/wp\/v2\/pages\/190","targetHints":{"allow":["GET"]}}],"collection":[{"href":"https:\/\/kanku-sho-karate.com\/index.php?rest_route=\/wp\/v2\/pages"}],"about":[{"href":"https:\/\/kanku-sho-karate.com\/index.php?rest_route=\/wp\/v2\/types\/page"}],"author":[{"embeddable":true,"href":"https:\/\/kanku-sho-karate.com\/index.php?rest_route=\/wp\/v2\/users\/1"}],"replies":[{"embeddable":true,"href":"https:\/\/kanku-sho-karate.com\/index.php?rest_route=%2Fwp%2Fv2%2Fcomments&post=190"}],"version-history":[{"count":2,"href":"https:\/\/kanku-sho-karate.com\/index.php?rest_route=\/wp\/v2\/pages\/190\/revisions"}],"predecessor-version":[{"id":339,"href":"https:\/\/kanku-sho-karate.com\/index.php?rest_route=\/wp\/v2\/pages\/190\/revisions\/339"}],"wp:attachment":[{"href":"https:\/\/kanku-sho-karate.com\/index.php?rest_route=%2Fwp%2Fv2%2Fmedia&parent=190"}],"curies":[{"name":"wp","href":"https:\/\/api.w.org\/{rel}","templated":true}]}}