{"id":157,"date":"2022-07-08T11:26:16","date_gmt":"2022-07-08T11:26:16","guid":{"rendered":"https:\/\/kanku-sho-karate.com\/?page_id=157"},"modified":"2022-08-15T19:07:40","modified_gmt":"2022-08-15T19:07:40","slug":"impressum","status":"publish","type":"page","link":"https:\/\/kanku-sho-karate.com\/?page_id=157","title":{"rendered":"Impressum"},"content":{"rendered":"\n<p>Verantwortlich f\u00fcr den Inhalt dieser Seiten ist:<\/p>\n\n\n\n<p>Giovanni Stolfa<br>Rumpenheimer Str. 5<br>63165 M\u00fchlheim am Main<br>Tel. +49 163 2897321<br>eMail: giovanni@kanku-sho-karate.de<\/p>\n\n\n\n<p><strong>Gemeinschaftlich vertretungsberechtigt:<\/strong><br><strong>1. Vorsitzender:&nbsp;Giovanni Stolfa<\/strong><br><strong>Rumpenheimer Str. 5<\/strong><br><strong>63165 M\u00fchlheim am Main<\/strong><\/p>\n\n\n\n<p>2. Vorsitzende: vakant<\/p>\n\n\n\n<p>3. Vorsitzende: vakant<\/p>\n\n\n\n<p><strong>Das Impressum gilt f\u00fcr:&nbsp;<\/strong>http:\/\/www.kanku-sho-karate.com<\/p>\n\n\n\n<p><strong>Registergericht<\/strong>: Amtsgericht&nbsp;Offenbach am Main<br><strong>Registernummer<\/strong>: VR5407<\/p>\n\n\n\n<p><strong>Umsatzsteuer-Identifikationsnummer gem. \u00a7 27 a Umsatzsteuergesetz<\/strong>: DE&nbsp;35 250 70083<br><strong>Wirtschaftsidentifikationsnummer gem. \u00a7 139 c Abgabenordnung<\/strong>: DE 1234567<\/p>\n\n\n\n<p><strong>Verantwortliche i.S.d. \u00a7 55 Abs. 2 RStV<\/strong>:&nbsp;Giovanni Stolfa,&nbsp;Rumpenheimer Str. 5,&nbsp;63165 M\u00fchlheim am Main<\/p>\n\n\n\n<p><strong>Haftungsausschluss (Disclaimer)<\/strong><\/p>\n\n\n\n<p><strong>1. Haftungsbeschr\u00e4nkung<\/strong><\/p>\n\n\n\n<p>Die Inhalte dieser Website werden mit gr\u00f6\u00dftm\u00f6glicher Sorgfalt erstellt. Der Anbieter \u00fcbernimmt jedoch keine Gew\u00e4hr f\u00fcr die Richtigkeit, Vollst\u00e4ndigkeit und Aktualit\u00e4t der bereitgestellten Inhalte. Die Nutzung der Inhalte der Website erfolgt auf eigene Gefahr des Nutzers. Namentlich gekennzeichnete Beitr\u00e4ge geben die Meinung des jeweiligen Autors und nicht immer die Meinung des Anbieters wieder. Mit der reinen Nutzung der Website des Anbieters kommt keinerlei Vertragsverh\u00e4ltnis zwischen dem Nutzer und dem Anbieter zustande.<\/p>\n\n\n\n<p><strong>2. Externe Links<\/strong><\/p>\n\n\n\n<p>Diese Website enth\u00e4lt Verkn\u00fcpfungen zu Websites Dritter (\u201eexterne Links\u201c). Diese Websites unterliegen der Haftung der jeweiligen Betreiber. Der Anbieter hat bei der erstmaligen Verkn\u00fcpfung der externen Links die fremden Inhalte daraufhin \u00fcberpr\u00fcft, ob etwaige Rechtsverst\u00f6\u00dfe bestehen. Zu dem Zeitpunkt waren keine Rechtsverst\u00f6\u00dfe ersichtlich. Der Anbieter hat keinerlei Einfluss auf die aktuelle und zuk\u00fcnftige Gestaltung und auf die Inhalte der verkn\u00fcpften Seiten. Das Setzen von externen Links bedeutet nicht, dass sich der Anbieter die hinter dem Verweis oder Link liegenden Inhalte zu Eigen macht. Eine st\u00e4ndige Kontrolle der externen Links ist f\u00fcr den Anbieter ohne konkrete Hinweise auf Rechtsverst\u00f6\u00dfe nicht zumutbar. Bei Kenntnis von Rechtsverst\u00f6\u00dfen werden jedoch derartige externe Links unverz\u00fcglich gel\u00f6scht.<\/p>\n\n\n\n<p><strong>3. Urheber- und Leistungsschutzrechte<\/strong><\/p>\n\n\n\n<p>Die auf dieser Website ver\u00f6ffentlichten Inhalte unterliegen dem deutschen Urheber-und Leistungsschutzrecht. Jede vom deutschen Urheber- und Leistungsschutzrecht nicht zugelassene Verwertung bedarf der vorherigen schriftlichen Zustimmung des Anbieters oder jeweiligen Rechteinhabers. Dies gilt insbesondere f\u00fcr Vervielf\u00e4ltigung, Bearbeitung, \u00dcbersetzung, Einspeicherung, Verarbeitung bzw. Wiedergabe von Inhalten in Datenbanken oder anderen elektronischen Medien und Systemen. Inhalte und Rechte Dritter sind dabei als solche gekennzeichnet. Die unerlaubte Vervielf\u00e4ltigung oder Weitergabe einzelner Inhalte oder kompletter Seiten ist nicht gestattet und strafbar. Lediglich die Herstellung von Kopien und Downloads f\u00fcr den pers\u00f6nlichen, privaten und nicht kommerziellen Gebrauch ist erlaubt.<\/p>\n\n\n\n<p>Die Darstellung dieser Website in fremden Frames ist nur mit schriftlicher Erlaubnis zul\u00e4ssig.<\/p>\n\n\n\n<p><strong>4. Datenschutz<\/strong><\/p>\n\n\n\n<p>Durch den Besuch der Website des Anbieters k\u00f6nnen Informationen \u00fcber den Zugriff (Datum, Uhrzeit, betrachtete Seite) gespeichert werden. Diese Daten geh\u00f6ren nicht zu den personenbezogenen Daten, sondern sind anonymisiert. Sie werden ausschlie\u00dflich zu statistischen Zwecken ausgewertet. Eine Weitergabe an Dritte, zu kommerziellen oder nichtkommerziellen Zwecken, findet nicht statt.<\/p>\n\n\n\n<p>Der Anbieter weist ausdr\u00fccklich darauf hin, dass die Daten\u00fcbertragung im Internet (z.B. bei der Kommunikation per E-Mail) Sicherheitsl\u00fccken aufweisen und nicht l\u00fcckenlos vor dem Zugriff durch Dritte gesch\u00fctzt werden kann.<\/p>\n\n\n\n<p>Die Verwendung der Kontaktdaten des Impressums zur gewerblichen Werbung ist ausdr\u00fccklich nicht erw\u00fcnscht, es sei denn der Anbieter hatte zuvor seine schriftliche Einwilligung erteilt oder es besteht bereits eine Gesch\u00e4ftsbeziehung. Der Anbieter und alle auf dieser Website genannten Personen widersprechen hiermit jeder kommerziellen Verwendung und Weitergabe ihrer Daten.<\/p>\n\n\n\n<p><strong>5. Besondere Nutzungsbedingungen<\/strong><\/p>\n\n\n\n<p>Soweit besondere Bedingungen f\u00fcr einzelne Nutzungen dieser Website von den vorgenannten Nummern 1. bis 4. abweichen, wird an entsprechender Stelle ausdr\u00fccklich darauf hingewiesen. In diesem Falle gelten im jeweiligen Einzelfall die besonderen Nutzungsbedingungen.<\/p>\n\n\n\n<p>Quelle: Disclaimer von&nbsp;<a href=\"http:\/\/www.juraforum.de\/\">JuraForum.de<\/a>&nbsp;&amp;&nbsp;<a href=\"http:\/\/www.experten-branchenbuch.de\/\">Experten-Branchenbuch.de<\/a><\/p>\n\n\n\n<p><strong>6.&nbsp;Verwendung von Facebook-Plugins<\/strong><\/p>\n\n\n\n<p>Auf diesen Internetseiten werden Plugins des sozialen Netzwerkes facebook.com verwendet, das von&nbsp;der Facebook Inc., 1601 S. California Ave, Palo Alto, CA 94304, USA betrieben wird (\u201eFacebook\u201c).&nbsp;Wenn Sie mit einem solchem Plugin versehene Internetseiten unserer Internetpr\u00e4senz aufrufen, wird&nbsp;eine Verbindung zu den Facebook-Servern hergestellt und dabei das Plugin durch Mitteilung an Ihren&nbsp;Browser auf der Internetseite dargestellt. Hierdurch wird an den Facebook-Server \u00fcbermittelt, welche&nbsp;unserer Internetseiten Sie besucht haben. Sind Sie dabei als Mitglied bei Facebook eingeloggt, ordnet&nbsp;Facebook diese Information Ihrem pers\u00f6nlichen Facebook-Benutzerkonto zu. Bei der Nutzung der&nbsp;Plugin-Funktionen (z.B. Anklicken des \u201eGef\u00e4llt mir\u201c- oder \u201eSenden\u201c-Buttons, Abgabe eines&nbsp;Kommentars\/Empfehlung) werden auch diese Informationen Ihrem Facebook-Konto zugeordnet, was&nbsp;Sie nur durch Ausloggen vor Nutzung des Plugins verhindern k\u00f6nnen.&nbsp;N\u00e4here Informationen zur Erhebung und Nutzung der Daten durch Facebook, \u00fcber Ihre&nbsp;diesbez\u00fcglichen Rechte und M\u00f6glichkeiten zum Schutz Ihrer Privatsph\u00e4re finden Sie in den&nbsp;Datenschutzhinweisen von Facebook.<\/p>\n\n\n\n<p><strong>7. Datenschutzerkl\u00e4rung f\u00fcr die Nutzung von Google +1<\/strong><\/p>\n\n\n\n<p><em>Erfassung und Weitergabe von Informationen:<\/em><br>Mithilfe der Google +1-Schaltfl\u00e4che k\u00f6nnen Sie Informationen weltweit ver\u00f6ffentlichen. \u00fcber die Google +1-Schaltfl\u00e4che erhalten Sie und andere Nutzer personalisierte Inhalte von Google und unseren Partnern. Google speichert sowohl die Information, dass Sie f\u00fcr einen Inhalt +1 gegeben haben, als auch Informationen \u00fcber die Seite, die Sie beim Klicken auf +1 angesehen haben. Ihre +1 k\u00f6nnen als Hinweise zusammen mit Ihrem Profilnamen und Ihrem Foto in Google-Diensten, wie etwa in Suchergebnissen oder in Ihrem Google-Profil, oder an anderen Stellen auf Websites und Anzeigen im Internet eingeblendet werden.<br>Google zeichnet Informationen \u00fcber Ihre +1-Aktivit\u00e4ten auf, um die Google-Dienste f\u00fcr Sie und andere zu verbessern. Um die Google +1-Schaltfl\u00e4che verwenden zu k\u00f6nnen, ben\u00f6tigen Sie ein weltweit sichtbares, \u00f6ffentliches Google-Profil, das zumindest den f\u00fcr das Profil gew\u00e4hlten Namen enthalten muss. Dieser Name wird in allen Google-Diensten verwendet. In manchen F\u00e4llen kann dieser Name auch einen anderen Namen ersetzen, den Sie beim Teilen von Inhalten \u00fcber Ihr Google-Konto verwendet haben. Die Identit\u00e4t Ihres Google-Profils kann Nutzern angezeigt werden, die Ihre E-Mail-Adresse kennen oder \u00fcber andere identifizierende Informationen von Ihnen verf\u00fcgen.<\/p>\n\n\n\n<p><em>Verwendung der erfassten Informationen:<\/em><br>Neben den oben erl\u00e4uterten Verwendungszwecken werden die von Ihnen bereitgestellten Informationen gem\u00e4\u00df den geltenden Google-Datenschutzbestimmungen genutzt. Google ver\u00f6ffentlicht m\u00f6glicherweise zusammengefasste Statistiken \u00fcber die +1-Aktivit\u00e4ten der Nutzer bzw. gibt diese an Nutzer und Partner weiter, wie etwa Publisher, Inserenten oder verbundene Websites.<em>Quelle:&nbsp;<\/em><a href=\"http:\/\/www.juraforum.de\/\"><em>JuraForum.de<\/em><\/a><em>&nbsp;&amp;&nbsp;<\/em><a href=\"http:\/\/www.experten-branchenbuch.de\/\"><em>Experten-Branchenbuch.de<\/em><\/a><em>,&nbsp;<\/em><a href=\"http:\/\/www.google.com\/intl\/de\/+\/policy\/+1button.html\" target=\"_blank\" rel=\"noreferrer noopener\"><em>Google +1 Datenschutzerkl\u00e4rung<\/em><\/a><em>,&nbsp;<\/em><a href=\"http:\/\/www.e-recht24.de\/artikel\/datenschutz\/6590-facebook-like-button-datenschutz-disclaimer.html\" target=\"_blank\" rel=\"noreferrer noopener\"><em>Facebook Disclamer<\/em><\/a><\/p>\n","protected":false},"excerpt":{"rendered":"<p>Verantwortlich f\u00fcr den Inhalt dieser Seiten ist: Giovanni StolfaRumpenheimer Str. 563165 M\u00fchlheim am MainTel. +49 163 2897321eMail: giovanni@kanku-sho-karate.de Gemeinschaftlich vertretungsberechtigt:1. Vorsitzender:&nbsp;Giovanni StolfaRumpenheimer Str. 563165 M\u00fchlheim am Main 2. Vorsitzende: vakant 3. Vorsitzende: vakant Das&#46;&#46;&#46;<\/p>\n","protected":false},"author":1,"featured_media":0,"parent":0,"menu_order":0,"comment_status":"closed","ping_status":"closed","template":"","meta":{"footnotes":""},"class_list":["post-157","page","type-page","status-publish","hentry"],"_links":{"self":[{"href":"https:\/\/kanku-sho-karate.com\/index.php?rest_route=\/wp\/v2\/pages\/157","targetHints":{"allow":["GET"]}}],"collection":[{"href":"https:\/\/kanku-sho-karate.com\/index.php?rest_route=\/wp\/v2\/pages"}],"about":[{"href":"https:\/\/kanku-sho-karate.com\/index.php?rest_route=\/wp\/v2\/types\/page"}],"author":[{"embeddable":true,"href":"https:\/\/kanku-sho-karate.com\/index.php?rest_route=\/wp\/v2\/users\/1"}],"replies":[{"embeddable":true,"href":"https:\/\/kanku-sho-karate.com\/index.php?rest_route=%2Fwp%2Fv2%2Fcomments&post=157"}],"version-history":[{"count":2,"href":"https:\/\/kanku-sho-karate.com\/index.php?rest_route=\/wp\/v2\/pages\/157\/revisions"}],"predecessor-version":[{"id":333,"href":"https:\/\/kanku-sho-karate.com\/index.php?rest_route=\/wp\/v2\/pages\/157\/revisions\/333"}],"wp:attachment":[{"href":"https:\/\/kanku-sho-karate.com\/index.php?rest_route=%2Fwp%2Fv2%2Fmedia&parent=157"}],"curies":[{"name":"wp","href":"https:\/\/api.w.org\/{rel}","templated":true}]}}